{"id":90,"date":"2014-12-15T09:28:43","date_gmt":"2014-12-15T09:28:43","guid":{"rendered":"http:\/\/laverna.at\/LaVerna\/?page_id=90"},"modified":"2023-01-25T16:25:48","modified_gmt":"2023-01-25T15:25:48","slug":"wer-wir-sind","status":"publish","type":"page","link":"https:\/\/laverna.at\/LaVerna\/la-verna\/wer-wir-sind\/","title":{"rendered":"Wer wir sind"},"content":{"rendered":"\n<p>La Verna ist ein Franziskanerkloster offen f\u00fcr junge Erwachsene (16-35 Jahre)<\/p>\n\n\n\n<p>Die Franziskanerprovinz Austria hat die Seelsorge an jungen Erwachsenen zu einem Kernpunkt ihrer\u00a0T\u00e4tigkeit gemacht. So wurde das Kloster in Maria Enzersdorf dazu bestimmt sich g\u00e4nzlich dieser Aufgabe zu widmen. Die Gemeinschaft von 3 Br\u00fcdern soll diesem Auftrag gerecht werden &#8211; jungen Menschen R\u00e4ume f\u00fcr den Glauben zu schaffen. Einiges musste umgebaut, die Gemeinschaft vor Ort neu ausgerichtet werden &#8211; aber das sind nur Begleiterscheinungen eines gr\u00f6\u00dferen Prozesses. Dieser Prozess ist die R\u00fcckkehr zu unserem franziskanischen Auftrag, das Evangelium effektiv zu verk\u00fcnden.<\/p>\n\n\n\n<p>Wir m\u00f6chten hier in La Verna jungen Erwachsenen einen Raum f\u00fcr den Glauben schenken. Dieser Glaube, davon sind wir als Franziskaner \u00fcberzeugt, kann nur in einer Gemeinschaft der Glaubenden weitergegeben werden und wachsen. Ein weiteres Anliegen ist uns den Menschen Orientierung f\u00fcr ihr Leben zu geben, damit sie Entscheidungen aus dem Glauben heraus treffen k\u00f6nnen &#8211; Entscheidungen die das ganze Leben tragen. Wir m\u00f6chten auch den jungen Erwachsenen helfen ihre Berufung in der Kirche und in der Welt zu finden. Es gibt dazu eine F\u00fclle von M\u00f6glichkeiten: Familie, eheloses Leben, Ordensleben, Mission, Priestertum und vieles mehr&#8230;<\/p>\n\n\n\n<p>Unsere Veranstaltungen richten sich an junge Erwachsene, die auf der Suche sind: auf der Suche nach Liebe, Glaube, Orientirung, ihrem Platz in der Welt und ihrer Berufung in der Kirche. Wir geben keine Garantie, dass es mit uns funktionieren wird, aber wir sind davon \u00fcberzeugt, dass der franziskanische Weg der Nachfolge in jeder Berufung m\u00f6glich ist, dass dieser Weg f\u00fcr den Menschen von heute ein Weg zum Gl\u00fcck und erf\u00fcllten Leben sein kann.<\/p>\n","protected":false},"excerpt":{"rendered":"<p>La Verna ist ein Franziskanerkloster offen f\u00fcr junge Erwachsene (16-35 Jahre) Die Franziskanerprovinz Austria hat die Seelsorge an jungen Erwachsenen zu einem Kernpunkt ihrer\u00a0T\u00e4tigkeit gemacht. So wurde das Kloster in Maria Enzersdorf dazu bestimmt sich g\u00e4nzlich dieser Aufgabe zu widmen. Die Gemeinschaft von 3 Br\u00fcdern soll diesem Auftrag gerecht werden &#8211; jungen Menschen R\u00e4ume f\u00fcr &hellip; <\/p>\n<p class=\"link-more\"><a href=\"https:\/\/laverna.at\/LaVerna\/la-verna\/wer-wir-sind\/\" class=\"more-link\">Czytaj dalej<span class=\"screen-reader-text\"> \u201eWer wir sind\u201d<\/span><\/a><\/p>\n","protected":false},"author":6,"featured_media":0,"parent":91,"menu_order":0,"comment_status":"closed","ping_status":"open","template":"","meta":{"footnotes":""},"_links":{"self":[{"href":"https:\/\/laverna.at\/LaVerna\/wp-json\/wp\/v2\/pages\/90"}],"collection":[{"href":"https:\/\/laverna.at\/LaVerna\/wp-json\/wp\/v2\/pages"}],"about":[{"href":"https:\/\/laverna.at\/LaVerna\/wp-json\/wp\/v2\/types\/page"}],"author":[{"embeddable":true,"href":"https:\/\/laverna.at\/LaVerna\/wp-json\/wp\/v2\/users\/6"}],"replies":[{"embeddable":true,"href":"https:\/\/laverna.at\/LaVerna\/wp-json\/wp\/v2\/comments?post=90"}],"version-history":[{"count":4,"href":"https:\/\/laverna.at\/LaVerna\/wp-json\/wp\/v2\/pages\/90\/revisions"}],"predecessor-version":[{"id":4527,"href":"https:\/\/laverna.at\/LaVerna\/wp-json\/wp\/v2\/pages\/90\/revisions\/4527"}],"up":[{"embeddable":true,"href":"https:\/\/laverna.at\/LaVerna\/wp-json\/wp\/v2\/pages\/91"}],"wp:attachment":[{"href":"https:\/\/laverna.at\/LaVerna\/wp-json\/wp\/v2\/media?parent=90"}],"curies":[{"name":"wp","href":"https:\/\/api.w.org\/{rel}","templated":true}]}}