{"id":803,"date":"2015-10-22T17:20:56","date_gmt":"2015-10-22T16:20:56","guid":{"rendered":"http:\/\/laverna.at\/LaVerna\/?page_id=803"},"modified":"2024-11-13T21:14:53","modified_gmt":"2024-11-13T20:14:53","slug":"impressum","status":"publish","type":"page","link":"https:\/\/laverna.at\/LaVerna\/impressum\/","title":{"rendered":"Impressum"},"content":{"rendered":"\n<h3 class=\"wp-block-heading has-text-align-center\">La Verna<\/h3>\n\n\n\n<p class=\"has-text-align-center\">franziskanisches Zentrum f\u00fcr<\/p>\n\n\n\n<p class=\"has-text-align-center\">Glaube &#8211; Orientierung &#8211; Berufung<\/p>\n\n\n\n<p class=\"has-text-align-center\">Hauptstra\u00dfe 5<\/p>\n\n\n\n<p class=\"has-text-align-center\">2344 Maria Enzersdorf<\/p>\n\n\n\n<p class=\"has-text-align-center\">Mobil: 0676 55 55 422 oder Festnetz:&nbsp;02236 225 31<\/p>\n\n\n\n<p>E-Mail: <a href=\"mailto:laverna@franziskaner.at\">La Verna, laverna@franziskaner.at<\/a><\/p>\n\n\n\n<p><strong>Impressumpflicht nach \u00a7 24 des Mediengesetzes<\/strong><br>www.laverna.at ist die offizielle Seite des Franziskanerklosters Maria Enzersdorf<\/p>\n\n\n\n<p><strong>Anschrift:<\/strong><br>Franziskanerkloster Maria Enzersdorf<br>Hauptstra\u00dfe 5<br>A-2344 Maria Enzersdorf<\/p>\n\n\n\n<p><strong>Anprechsperson:<\/strong> P. Karmel OFM<\/p>\n\n\n\n<p><strong>Die redaktionelle Betreuung der Homepage liegt bei<\/strong> P. Karmel<\/p>\n\n\n\n<p><\/p>\n\n\n\n<p>Die Seite ist urheberrechtlich gesch\u00fctzt. Texte, Bilder und Logos unterliegen dem Copyright.<\/p>\n\n\n\n<p><strong>Fotos<\/strong><br>pixabay.com und eigene Fotos<\/p>\n\n\n\n<p><strong>Erkl\u00e4rung \u00fcber die grundlegende Richtung<\/strong><br>www.laverna.at informiert \u00fcber die Aktivit\u00e4ten des Zentrums f\u00fcr junge Erwachsene &#8220;La Verna&#8221; und des Franziskanerklosters Maria Enzersdorf.<\/p>\n\n\n\n<p><strong>Datenschutz<\/strong><\/p>\n\n\n\n<p>Wir sind bem\u00fcht um den Schutz personenbezogener Daten. Alle bei uns gesammelten personenbezogenen Daten werde ausschlie\u00dflich f\u00fcr die seelsorgliche Arbeit des Franziskanerklosters La Verna verwendet. Ansprechperson f\u00fcr den Datenschutz ist&nbsp;P. Karmel<strong>.<\/strong><\/p>\n\n\n\n<p><strong>Wir sind nicht perfekt! Wenn du auf unserer Homepage Fehler gefunden hast, dann schreib einfach ein Mail an P. Karmel &#8211; danke f\u00fcr jede Anmerkung.<\/strong><\/p>\n","protected":false},"excerpt":{"rendered":"<p>La Verna franziskanisches Zentrum f\u00fcr Glaube &#8211; Orientierung &#8211; Berufung Hauptstra\u00dfe 5 2344 Maria Enzersdorf Mobil: 0676 55 55 422 oder Festnetz:&nbsp;02236 225 31 E-Mail: La Verna, laverna@franziskaner.at Impressumpflicht nach \u00a7 24 des Mediengesetzeswww.laverna.at ist die offizielle Seite des Franziskanerklosters Maria Enzersdorf Anschrift:Franziskanerkloster Maria EnzersdorfHauptstra\u00dfe 5A-2344 Maria Enzersdorf Anprechsperson: P. Karmel OFM Die redaktionelle Betreuung &hellip; <\/p>\n<p class=\"link-more\"><a href=\"https:\/\/laverna.at\/LaVerna\/impressum\/\" class=\"more-link\">Czytaj dalej<span class=\"screen-reader-text\"> \u201eImpressum\u201d<\/span><\/a><\/p>\n","protected":false},"author":6,"featured_media":0,"parent":0,"menu_order":0,"comment_status":"closed","ping_status":"closed","template":"","meta":{"footnotes":""},"_links":{"self":[{"href":"https:\/\/laverna.at\/LaVerna\/wp-json\/wp\/v2\/pages\/803"}],"collection":[{"href":"https:\/\/laverna.at\/LaVerna\/wp-json\/wp\/v2\/pages"}],"about":[{"href":"https:\/\/laverna.at\/LaVerna\/wp-json\/wp\/v2\/types\/page"}],"author":[{"embeddable":true,"href":"https:\/\/laverna.at\/LaVerna\/wp-json\/wp\/v2\/users\/6"}],"replies":[{"embeddable":true,"href":"https:\/\/laverna.at\/LaVerna\/wp-json\/wp\/v2\/comments?post=803"}],"version-history":[{"count":8,"href":"https:\/\/laverna.at\/LaVerna\/wp-json\/wp\/v2\/pages\/803\/revisions"}],"predecessor-version":[{"id":4956,"href":"https:\/\/laverna.at\/LaVerna\/wp-json\/wp\/v2\/pages\/803\/revisions\/4956"}],"wp:attachment":[{"href":"https:\/\/laverna.at\/LaVerna\/wp-json\/wp\/v2\/media?parent=803"}],"curies":[{"name":"wp","href":"https:\/\/api.w.org\/{rel}","templated":true}]}}