{"id":4496,"date":"2023-01-25T15:55:20","date_gmt":"2023-01-25T14:55:20","guid":{"rendered":"https:\/\/laverna.at\/LaVerna\/?page_id=4496"},"modified":"2023-01-25T16:22:37","modified_gmt":"2023-01-25T15:22:37","slug":"spenden-2","status":"publish","type":"page","link":"https:\/\/laverna.at\/LaVerna\/spenden-2\/","title":{"rendered":"Spenden"},"content":{"rendered":"\n<p>Liebe BesucherInnen unserer Kirche,<\/p>\n\n\n\n<p>in dem Kloster leben wir dank Ihren Spenden. Wenn Sie bereit w\u00e4ren, uns hier auch finanziell zu unterst\u00fctzen, w\u00e4ren wir Ihnen sehr dankbar. Die Spenden, die wir von Ihnen auf unser Konto bekommen w\u00fcrden, widmen wir f\u00fcr sowohl laufende Rechnungen der Kirche und des Klosters (Strom, Wasser, Heizung) als auch f\u00fcr die Lebensmittel, die wir auch gerne mit Bed\u00fcrftigten mitteilen.<\/p>\n\n\n\n<p>Als Danke versprechen wir Ihnen, jeden Tag f\u00fcr Sie zu beten. Zus\u00e4tzlich lesen wir ein Mal im Monat f\u00fcr all unsere Wohlt\u00e4ter die heilige Messe. <\/p>\n\n\n\n<p>Unsere Bankverbindung:<\/p>\n\n\n\n<p>Raiffeisenbank M\u00f6dling: Franziskanerkloster Maria Enzersdorf<\/p>\n\n\n\n<p>IBAN: <strong>AT30 3225 0000 0403 1456<\/strong><\/p>\n\n\n\n<p>Vergelt&#8217;s Gott!<\/p>\n","protected":false},"excerpt":{"rendered":"<p>Liebe BesucherInnen unserer Kirche, in dem Kloster leben wir dank Ihren Spenden. Wenn Sie bereit w\u00e4ren, uns hier auch finanziell zu unterst\u00fctzen, w\u00e4ren wir Ihnen sehr dankbar. Die Spenden, die wir von Ihnen auf unser Konto bekommen w\u00fcrden, widmen wir f\u00fcr sowohl laufende Rechnungen der Kirche und des Klosters (Strom, Wasser, Heizung) als auch f\u00fcr &hellip; <\/p>\n<p class=\"link-more\"><a href=\"https:\/\/laverna.at\/LaVerna\/spenden-2\/\" class=\"more-link\">Czytaj dalej<span class=\"screen-reader-text\"> \u201eSpenden\u201d<\/span><\/a><\/p>\n","protected":false},"author":6,"featured_media":0,"parent":0,"menu_order":0,"comment_status":"closed","ping_status":"closed","template":"","meta":{"footnotes":""},"_links":{"self":[{"href":"https:\/\/laverna.at\/LaVerna\/wp-json\/wp\/v2\/pages\/4496"}],"collection":[{"href":"https:\/\/laverna.at\/LaVerna\/wp-json\/wp\/v2\/pages"}],"about":[{"href":"https:\/\/laverna.at\/LaVerna\/wp-json\/wp\/v2\/types\/page"}],"author":[{"embeddable":true,"href":"https:\/\/laverna.at\/LaVerna\/wp-json\/wp\/v2\/users\/6"}],"replies":[{"embeddable":true,"href":"https:\/\/laverna.at\/LaVerna\/wp-json\/wp\/v2\/comments?post=4496"}],"version-history":[{"count":5,"href":"https:\/\/laverna.at\/LaVerna\/wp-json\/wp\/v2\/pages\/4496\/revisions"}],"predecessor-version":[{"id":4524,"href":"https:\/\/laverna.at\/LaVerna\/wp-json\/wp\/v2\/pages\/4496\/revisions\/4524"}],"wp:attachment":[{"href":"https:\/\/laverna.at\/LaVerna\/wp-json\/wp\/v2\/media?parent=4496"}],"curies":[{"name":"wp","href":"https:\/\/api.w.org\/{rel}","templated":true}]}}