{"id":4009,"date":"2021-05-08T10:49:20","date_gmt":"2021-05-08T09:49:20","guid":{"rendered":"https:\/\/laverna.at\/LaVerna\/?page_id=4009"},"modified":"2023-01-25T11:09:24","modified_gmt":"2023-01-25T10:09:24","slug":"mountain-spirit","status":"publish","type":"page","link":"https:\/\/laverna.at\/LaVerna\/mountain-spirit\/","title":{"rendered":"Mountain Spirit"},"content":{"rendered":"\n<p class=\"has-text-align-center\"><em>Spirituelle Bergwoche f\u00fcr junge Menschen in den Tiroler Alpen<\/em><\/p>\n\n\n\n<p> Wundersch\u00f6ne, gef\u00fchrte Bergtouren in den Tiroler Alpen und spirituelle Vertiefung stehen auf dem Programm. Bewegung in imposanten Naturlandschaften, Gastfreundschaft im Franziskanerkloster Telfs, Gottesdienste und Inputs sowie eine gute Gemeinschaft machen diese Tage zu einem besonderen Erlebnis. <\/p>\n\n\n\n<p class=\"has-text-align-center\">Genaue Informationen findest du unter: <\/p>\n\n\n\n<p class=\"has-text-align-center\"><a href=\"http:\/\/www.bruder-rene.net\/bergwochen-in-tirol\/\" data-type=\"URL\" data-id=\"http:\/\/www.bruder-rene.net\/bergwochen-in-tirol\/\">http:\/\/www.bruder-rene.net\/bergwochen-in-tirol\/<\/a><\/p>\n\n\n\n<p class=\"has-text-align-center\"><\/p>\n\n\n\n<p><strong>Infos &amp; Anmeldung: P. Ren\u00e9 Dorer,<\/strong>\u00a0rene.dorer@franziskaner.at, +43 650 5936600<br><\/p>\n\n\n\n<p class=\"has-text-align-center\"><\/p>\n","protected":false},"excerpt":{"rendered":"<p>Spirituelle Bergwoche f\u00fcr junge Menschen in den Tiroler Alpen Wundersch\u00f6ne, gef\u00fchrte Bergtouren in den Tiroler Alpen und spirituelle Vertiefung stehen auf dem Programm. Bewegung in imposanten Naturlandschaften, Gastfreundschaft im Franziskanerkloster Telfs, Gottesdienste und Inputs sowie eine gute Gemeinschaft machen diese Tage zu einem besonderen Erlebnis. Genaue Informationen findest du unter: http:\/\/www.bruder-rene.net\/bergwochen-in-tirol\/ Infos &amp; Anmeldung: P. &hellip; <\/p>\n<p class=\"link-more\"><a href=\"https:\/\/laverna.at\/LaVerna\/mountain-spirit\/\" class=\"more-link\">Czytaj dalej<span class=\"screen-reader-text\"> \u201eMountain Spirit\u201d<\/span><\/a><\/p>\n","protected":false},"author":6,"featured_media":0,"parent":0,"menu_order":0,"comment_status":"closed","ping_status":"closed","template":"","meta":{"footnotes":""},"_links":{"self":[{"href":"https:\/\/laverna.at\/LaVerna\/wp-json\/wp\/v2\/pages\/4009"}],"collection":[{"href":"https:\/\/laverna.at\/LaVerna\/wp-json\/wp\/v2\/pages"}],"about":[{"href":"https:\/\/laverna.at\/LaVerna\/wp-json\/wp\/v2\/types\/page"}],"author":[{"embeddable":true,"href":"https:\/\/laverna.at\/LaVerna\/wp-json\/wp\/v2\/users\/6"}],"replies":[{"embeddable":true,"href":"https:\/\/laverna.at\/LaVerna\/wp-json\/wp\/v2\/comments?post=4009"}],"version-history":[{"count":5,"href":"https:\/\/laverna.at\/LaVerna\/wp-json\/wp\/v2\/pages\/4009\/revisions"}],"predecessor-version":[{"id":4459,"href":"https:\/\/laverna.at\/LaVerna\/wp-json\/wp\/v2\/pages\/4009\/revisions\/4459"}],"wp:attachment":[{"href":"https:\/\/laverna.at\/LaVerna\/wp-json\/wp\/v2\/media?parent=4009"}],"curies":[{"name":"wp","href":"https:\/\/api.w.org\/{rel}","templated":true}]}}