{"id":212,"date":"2015-02-10T14:38:48","date_gmt":"2015-02-10T14:38:48","guid":{"rendered":"http:\/\/laverna.at\/LaVerna\/?page_id=212"},"modified":"2018-08-16T08:41:01","modified_gmt":"2018-08-16T07:41:01","slug":"was-ist-berufung","status":"publish","type":"page","link":"https:\/\/laverna.at\/LaVerna\/la-verna\/was-ist-berufung\/","title":{"rendered":"Was ist Berufung?"},"content":{"rendered":"\n<p>Die Evangelien zeigen die Berufung als eine Begegnung der Liebe zwischen Gott und dem Menschen. Dies ist das Geheimnis der Berufung, Geheimnis, welches das Leben eines jeden Christen betrifft.<br\/>In erster Linie l\u00e4dt uns Gott ein, Mensch zu sein, menschlicher zu werden, letztlich: zu lieben.\u00a0Auf diese \u201eGrundberufung\u201c aufbauend, l\u00e4dt uns Gott ein, in Freundschaft mit Jesus Christus zu leben, das hei\u00dft auf seinen Geist, den Geist Gottes zu h\u00f6ren und unser Leben auf Christus hin zu orientieren. Die christliche Taufe ist der bleibende Anfang und Ausdruck dieser Weise zu leben und somit die erste Berufung eines jeden getauften Menschen.<\/p>\n\n\n\n<p>Schlie\u00dflich sind wir alle von einer, Tief in unserer Seele liegender Sehnsucht bewegt zu wissen, welche Form unser Leben als Christ einnehmen soll. Was ist meine Lebensaufgabe? Das ist meine pers\u00f6nliche, einmalige Berufung. Gott gibt keine Begr\u00fcndung ab, warum er mit einzelnen Menschen besondere Wege geht. Wir wissen aus der Bibel, dass hinter dem Ruf Jesu Christi zu einer besonders innigen Freundschaft mit ihm, die Erw\u00e4hlung durch Gott steht.<br\/>Gott ist immer derjenige der einl\u00e4dt\/beruft. Er macht immer den ersten Schritt zu uns. Wir k\u00f6nnen uns nicht selber berufen, sondern Gott l\u00e4dt uns ein, in Freiheit und Freude auf sein Angebot zu antworten. Kirche hei\u00dft auf Alt-Griechisch \u201eek-klesia\u201c, die \u201eHeraus-Gerufenen\u201c, die Zusammengerufenen, die Aufgerufenen. Alle Christen, alle suchenden Menschen sind damit von Gott beschenkte. Nicht weil wir besonders gut sind, sondern weil Gott uns liebt.\u00a0Er will, dass du lebst, dass du gl\u00fccklich bist. Er zwingt dir seinen Willen nicht auf, sondern l\u00e4sst dich w\u00e4hlen. Du sollst sogar w\u00e4hlen, denn nur so kannst du in Freiheit deine Entscheidung treffen. Er geht mit dir, wenn deine Wahl im Rahmen der Gebote und des Guten liegt. Gleichzeitig wirbt er um dich. Er lockt dich zu Bindung an ihn und einer selbstlosen Hingabe an die Menschen. Die Berufung ist durch eine innige Freude an der Gegenwart Gottes in deinem Leben zu erkennen.<\/p>\n\n\n\n<p>Auf diesem Weg wollen wir dich in La Verna begleiten.<\/p>\n","protected":false},"excerpt":{"rendered":"<p>Die Evangelien zeigen die Berufung als eine Begegnung der Liebe zwischen Gott und dem Menschen. Dies ist das Geheimnis der Berufung, Geheimnis, welches das Leben eines jeden Christen betrifft.In erster Linie l\u00e4dt uns Gott ein, Mensch zu sein, menschlicher zu werden, letztlich: zu lieben.\u00a0Auf diese \u201eGrundberufung\u201c aufbauend, l\u00e4dt uns Gott ein, in Freundschaft mit Jesus &hellip; <\/p>\n<p class=\"link-more\"><a href=\"https:\/\/laverna.at\/LaVerna\/la-verna\/was-ist-berufung\/\" class=\"more-link\">Czytaj dalej<span class=\"screen-reader-text\"> \u201eWas ist Berufung?\u201d<\/span><\/a><\/p>\n","protected":false},"author":6,"featured_media":0,"parent":91,"menu_order":0,"comment_status":"closed","ping_status":"open","template":"","meta":{"footnotes":""},"_links":{"self":[{"href":"https:\/\/laverna.at\/LaVerna\/wp-json\/wp\/v2\/pages\/212"}],"collection":[{"href":"https:\/\/laverna.at\/LaVerna\/wp-json\/wp\/v2\/pages"}],"about":[{"href":"https:\/\/laverna.at\/LaVerna\/wp-json\/wp\/v2\/types\/page"}],"author":[{"embeddable":true,"href":"https:\/\/laverna.at\/LaVerna\/wp-json\/wp\/v2\/users\/6"}],"replies":[{"embeddable":true,"href":"https:\/\/laverna.at\/LaVerna\/wp-json\/wp\/v2\/comments?post=212"}],"version-history":[{"count":5,"href":"https:\/\/laverna.at\/LaVerna\/wp-json\/wp\/v2\/pages\/212\/revisions"}],"predecessor-version":[{"id":1817,"href":"https:\/\/laverna.at\/LaVerna\/wp-json\/wp\/v2\/pages\/212\/revisions\/1817"}],"up":[{"embeddable":true,"href":"https:\/\/laverna.at\/LaVerna\/wp-json\/wp\/v2\/pages\/91"}],"wp:attachment":[{"href":"https:\/\/laverna.at\/LaVerna\/wp-json\/wp\/v2\/media?parent=212"}],"curies":[{"name":"wp","href":"https:\/\/api.w.org\/{rel}","templated":true}]}}