{"id":210,"date":"2015-02-10T14:38:33","date_gmt":"2015-02-10T14:38:33","guid":{"rendered":"http:\/\/laverna.at\/LaVerna\/?page_id=210"},"modified":"2018-08-16T08:40:32","modified_gmt":"2018-08-16T07:40:32","slug":"was-gibt-uns-orientierung","status":"publish","type":"page","link":"https:\/\/laverna.at\/LaVerna\/la-verna\/was-gibt-uns-orientierung\/","title":{"rendered":"Was gibt uns Orientierung?"},"content":{"rendered":"\n<p>Zu allererst gibt uns die Orientierung die Person Jesu Christi. Er ist unser Meister, der uns den Weg gezeigt hat und an ihm wollen wir unser Leben und Tun ausrichten.<\/p>\n\n\n\n<p>Dann ist es die Kirche mit ihrer Tradition und Weisung, die uns dabei hilft uns in der Nachfolge Christ zu orientieren.<\/p>\n\n\n\n<p>Die dritte S\u00e4ule f\u00fcr uns ist die Person des hl. Franziskus und die Tradition unseres Ordens.<\/p>\n\n\n\n<p>Wir in La Verna sind davon \u00fcberzeugt, dass diese drei S\u00e4ulen, die uns Orientierung gebe auch f\u00fcr die jungen Menschen von heute Wegweiser sein k\u00f6nnen &#8211; in ihrer Suche nach dem eigenen Platz in der Welt und \u00a0in der Kirche. Weil wir von Gott und unserem Orden so reichlich beschenkt worden wurden, wollen wir diesen Schatz mit allen teilen, die ein erf\u00fclltes Leben f\u00fchren wollen.<\/p>\n","protected":false},"excerpt":{"rendered":"<p>Zu allererst gibt uns die Orientierung die Person Jesu Christi. Er ist unser Meister, der uns den Weg gezeigt hat und an ihm wollen wir unser Leben und Tun ausrichten. Dann ist es die Kirche mit ihrer Tradition und Weisung, die uns dabei hilft uns in der Nachfolge Christ zu orientieren. Die dritte S\u00e4ule f\u00fcr &hellip; <\/p>\n<p class=\"link-more\"><a href=\"https:\/\/laverna.at\/LaVerna\/la-verna\/was-gibt-uns-orientierung\/\" class=\"more-link\">Czytaj dalej<span class=\"screen-reader-text\"> \u201eWas gibt uns Orientierung?\u201d<\/span><\/a><\/p>\n","protected":false},"author":6,"featured_media":0,"parent":91,"menu_order":0,"comment_status":"closed","ping_status":"open","template":"","meta":{"footnotes":""},"_links":{"self":[{"href":"https:\/\/laverna.at\/LaVerna\/wp-json\/wp\/v2\/pages\/210"}],"collection":[{"href":"https:\/\/laverna.at\/LaVerna\/wp-json\/wp\/v2\/pages"}],"about":[{"href":"https:\/\/laverna.at\/LaVerna\/wp-json\/wp\/v2\/types\/page"}],"author":[{"embeddable":true,"href":"https:\/\/laverna.at\/LaVerna\/wp-json\/wp\/v2\/users\/6"}],"replies":[{"embeddable":true,"href":"https:\/\/laverna.at\/LaVerna\/wp-json\/wp\/v2\/comments?post=210"}],"version-history":[{"count":5,"href":"https:\/\/laverna.at\/LaVerna\/wp-json\/wp\/v2\/pages\/210\/revisions"}],"predecessor-version":[{"id":1816,"href":"https:\/\/laverna.at\/LaVerna\/wp-json\/wp\/v2\/pages\/210\/revisions\/1816"}],"up":[{"embeddable":true,"href":"https:\/\/laverna.at\/LaVerna\/wp-json\/wp\/v2\/pages\/91"}],"wp:attachment":[{"href":"https:\/\/laverna.at\/LaVerna\/wp-json\/wp\/v2\/media?parent=210"}],"curies":[{"name":"wp","href":"https:\/\/api.w.org\/{rel}","templated":true}]}}