{"id":208,"date":"2015-02-10T14:38:11","date_gmt":"2015-02-10T14:38:11","guid":{"rendered":"http:\/\/laverna.at\/LaVerna\/?page_id=208"},"modified":"2018-08-16T08:41:28","modified_gmt":"2018-08-16T07:41:28","slug":"was-ist-glaube","status":"publish","type":"page","link":"https:\/\/laverna.at\/LaVerna\/la-verna\/was-ist-glaube\/","title":{"rendered":"Was ist Glaube?"},"content":{"rendered":"\n<p>Die Bibel behandelt den Glauben als ein Tun. Wenn in der Bibel Menschen von Glauben sprechen, dann reden sie nicht so sehr von ihren \u00dcberzeugungen, wie von dem was Gott f\u00fcr sie getan hat und was sie aus der lebendigen Beziehung zu\u00a0diesem Gott getan haben. Und es ist eine gute Nachricht f\u00fcr alle, die Glauben lernen k\u00f6nnen. Man muss nicht von irgendjemand von irgendetwas \u00fcberzeugt werden!<\/p>\n\n\n\n<p>Es geht in erster Linie darum, eine Beziehung zu Gott aufzubauen. Das geschieht wie in jeder anderen menschlichen Beziehung &#8211; man n\u00e4hert sich der Person vorsichtig, sagt am Anfang einfach: &#8220;Hallo, ich m\u00f6chte dich kennen lernen&#8221;. Danach versucht man mehr Zeit mit dieser Person zu verbringen &#8211; du musst nicht viel reden, du muss einfach da sein. So kommt dann auch die Phase, wo man von der anderen Person etwas erfahren m\u00f6chte &#8211; wer sie ist, was sie tut, was sie liebt und was sie hasst&#8230; Dann versucht man diese Person in das eigene Leben einzubinden &#8211; damit sie ein Teil des eigenen Lebens wird &#8211; ein Teil auf den man nicht mehr verzichten will.<\/p>\n\n\n\n<p>Bei uns kannst du von Glaubenden Br\u00fcdern erfahren, wer Gott ist. Hier kannst du Gott Zeit schenken, damit ihr euch kennen lernen k\u00f6nnt. In La Verna kannst du Gott in dein Leben einbinden, so damit er ein Teil deiner Welt wird.<\/p>\n","protected":false},"excerpt":{"rendered":"<p>Die Bibel behandelt den Glauben als ein Tun. Wenn in der Bibel Menschen von Glauben sprechen, dann reden sie nicht so sehr von ihren \u00dcberzeugungen, wie von dem was Gott f\u00fcr sie getan hat und was sie aus der lebendigen Beziehung zu\u00a0diesem Gott getan haben. Und es ist eine gute Nachricht f\u00fcr alle, die Glauben &hellip; <\/p>\n<p class=\"link-more\"><a href=\"https:\/\/laverna.at\/LaVerna\/la-verna\/was-ist-glaube\/\" class=\"more-link\">Czytaj dalej<span class=\"screen-reader-text\"> \u201eWas ist Glaube?\u201d<\/span><\/a><\/p>\n","protected":false},"author":6,"featured_media":0,"parent":91,"menu_order":0,"comment_status":"closed","ping_status":"open","template":"","meta":{"footnotes":""},"_links":{"self":[{"href":"https:\/\/laverna.at\/LaVerna\/wp-json\/wp\/v2\/pages\/208"}],"collection":[{"href":"https:\/\/laverna.at\/LaVerna\/wp-json\/wp\/v2\/pages"}],"about":[{"href":"https:\/\/laverna.at\/LaVerna\/wp-json\/wp\/v2\/types\/page"}],"author":[{"embeddable":true,"href":"https:\/\/laverna.at\/LaVerna\/wp-json\/wp\/v2\/users\/6"}],"replies":[{"embeddable":true,"href":"https:\/\/laverna.at\/LaVerna\/wp-json\/wp\/v2\/comments?post=208"}],"version-history":[{"count":4,"href":"https:\/\/laverna.at\/LaVerna\/wp-json\/wp\/v2\/pages\/208\/revisions"}],"predecessor-version":[{"id":1818,"href":"https:\/\/laverna.at\/LaVerna\/wp-json\/wp\/v2\/pages\/208\/revisions\/1818"}],"up":[{"embeddable":true,"href":"https:\/\/laverna.at\/LaVerna\/wp-json\/wp\/v2\/pages\/91"}],"wp:attachment":[{"href":"https:\/\/laverna.at\/LaVerna\/wp-json\/wp\/v2\/media?parent=208"}],"curies":[{"name":"wp","href":"https:\/\/api.w.org\/{rel}","templated":true}]}}